{"id":14,"date":"2020-05-20T11:12:23","date_gmt":"2020-05-20T09:12:23","guid":{"rendered":"https:\/\/plewa.brands-and-friends.de\/service\/"},"modified":"2023-07-12T06:26:10","modified_gmt":"2023-07-12T04:26:10","slug":"service","status":"publish","type":"page","link":"https:\/\/baumarkt-vreden.de\/nl\/service\/","title":{"rendered":"Service"},"content":{"rendered":"\n<figure class=\"wp-block-image size-full subpage-header\"><img fetchpriority=\"high\" decoding=\"async\" width=\"1920\" height=\"353\" src=\"https:\/\/plewa.brands-and-friends.de\/wp-content\/uploads\/2020\/08\/service_header-scaled.jpg\" alt=\"\" class=\"wp-image-650\" title=\"\" srcset=\"https:\/\/baumarkt-vreden.de\/wp-content\/uploads\/2020\/08\/service_header-scaled.jpg 1920w, https:\/\/baumarkt-vreden.de\/wp-content\/uploads\/2020\/08\/service_header-300x55.jpg 300w, https:\/\/baumarkt-vreden.de\/wp-content\/uploads\/2020\/08\/service_header-1024x188.jpg 1024w, https:\/\/baumarkt-vreden.de\/wp-content\/uploads\/2020\/08\/service_header-768x141.jpg 768w, https:\/\/baumarkt-vreden.de\/wp-content\/uploads\/2020\/08\/service_header-1536x283.jpg 1536w, https:\/\/baumarkt-vreden.de\/wp-content\/uploads\/2020\/08\/service_header-2048x377.jpg 2048w\" sizes=\"(max-width: 1920px) 100vw, 1920px\" \/><\/figure>\n\n\n\n<div class=\"fixed-size content-container garten-container service-container\">\n<!-- Widget Shortcode --><div id=\"bcn_widget-2\" class=\"widget widget_breadcrumb_navxt widget-shortcode area-arbitrary \"><div class=\"breadcrumbs\" vocab=\"https:\/\/schema.org\/\" typeof=\"BreadcrumbList\"><span property=\"itemListElement\" typeof=\"ListItem\"><a property=\"item\" typeof=\"WebPage\" title=\"Go to BAUFUCHS Plewa - Baumarkt Vreden.\" href=\"https:\/\/baumarkt-vreden.de\/nl\" class=\"home\" ><span property=\"name\">BAUFUCHS Plewa - Baumarkt Vreden<\/span><\/a><meta property=\"position\" content=\"1\"><\/span>&gt;<span property=\"itemListElement\" typeof=\"ListItem\"><a property=\"item\" typeof=\"WebPage\" title=\"Go to Startseite.\" href=\"https:\/\/baumarkt-vreden.de\/nl\/startseite\/\" class=\"post-root post post-post\" aria-current=\"page\"><span property=\"name\">Startseite<\/span><\/a><meta property=\"position\" content=\"2\"><\/span><\/div><\/div><!-- \/Widget Shortcode -->\n\n\n\n<div class=\"wp-block-columns is-layout-flex wp-container-core-columns-is-layout-9d6595d7 wp-block-columns-is-layout-flex\">\n<div class=\"wp-block-column is-layout-flow wp-block-column-is-layout-flow\" style=\"flex-basis:33.33%\">\n<figure class=\"wp-block-image size-large\"><img decoding=\"async\" width=\"1024\" height=\"972\" src=\"\/wp-content\/uploads\/2020\/08\/service_entsorgung-1024x972.jpg\" alt=\"ENTSORGUNG\" class=\"wp-image-589\" title=\"\" srcset=\"https:\/\/baumarkt-vreden.de\/wp-content\/uploads\/2020\/08\/service_entsorgung-1024x972.jpg 1024w, https:\/\/baumarkt-vreden.de\/wp-content\/uploads\/2020\/08\/service_entsorgung-300x285.jpg 300w, https:\/\/baumarkt-vreden.de\/wp-content\/uploads\/2020\/08\/service_entsorgung-768x729.jpg 768w, https:\/\/baumarkt-vreden.de\/wp-content\/uploads\/2020\/08\/service_entsorgung.jpg 1032w\" sizes=\"(max-width: 1024px) 100vw, 1024px\" \/><\/figure>\n<\/div>\n\n\n\n<div class=\"wp-block-column is-layout-flow wp-block-column-is-layout-flow\" style=\"flex-basis:66.66%\">\n<h2 class=\"wp-block-heading\">ENTSORGUNG<\/h2>\n\n\n\n<p>\u00adJeder Verbraucher ist gesetzlich verpflichtet, Alt-Batterien und Alt-Akkus an einer zugelassenen Sammelstelle abzugeben. Dadurch werden sie einer umwelt- und ressourcenschonenden Verwertung zugef\u00fchrt. Haushalts-Batterien und \u2013Akkus k\u00f6nnen Sie bei uns abgegeben.<\/p>\n<\/div>\n<\/div>\n\n\n\n<div class=\"wp-block-columns is-layout-flex wp-container-core-columns-is-layout-9d6595d7 wp-block-columns-is-layout-flex\">\n<div class=\"wp-block-column is-layout-flow wp-block-column-is-layout-flow\" style=\"flex-basis:33.33%\">\n<figure class=\"wp-block-image size-large\"><img decoding=\"async\" width=\"516\" height=\"490\" src=\"\/wp-content\/uploads\/2020\/07\/service_farbe-1.jpg\" alt=\"FARBMISCHSERVICE\" class=\"wp-image-451\" title=\"\" srcset=\"https:\/\/baumarkt-vreden.de\/wp-content\/uploads\/2020\/07\/service_farbe-1.jpg 516w, https:\/\/baumarkt-vreden.de\/wp-content\/uploads\/2020\/07\/service_farbe-1-300x285.jpg 300w\" sizes=\"(max-width: 516px) 100vw, 516px\" \/><\/figure>\n\n\n\n<p><\/p>\n<\/div>\n\n\n\n<div class=\"wp-block-column is-layout-flow wp-block-column-is-layout-flow\" style=\"flex-basis:66.66%\">\n<h2 class=\"wp-block-heading\">FARBMISCHSERVICE<\/h2>\n\n\n\n<p>Ein gro\u00dfer Trend sind farbige W\u00e4nde. Eher kleine Zimmer k\u00f6nnen mit Farben optisch vergr\u00f6\u00dfert werden, auch lassen sich Stimmungen mit den entsprechenden Farben positiv beeinflussen. Fragen Sie uns, wir beraten Sie gern, welche Farbt\u00f6ne sich f\u00fcr Ihre vier W\u00e4nde eignen.<\/p>\n\n\n\n<p>\u00dcber 2 Millionen Farben f\u00fcr jeden Bereich sind bei uns sofort mischbar. Wir mischen mit unserer Farbmischmaschine &nbsp;exakt Ihren Farbton: als&nbsp;Dispersion, Lack\/Acryllack, Fassadenfarbe oder Lasur.<\/p>\n\n\n\n<p>Ihre Farben k\u00f6nnen wir auch noch&nbsp;nach Jahren mit Hilfe der Farbcodes&nbsp;nachmischen. Bei der Herstellung&nbsp;Ihres Wunschfarbtons achten wir&nbsp;zudem auf die qualitative G\u00fcte der&nbsp;Farben und Lacke &#8211; damit Sie sich&nbsp;in Ihrer Farbwelt rundum wohlf\u00fchlen k\u00f6nnen.<\/p>\n\n\n\n<p><\/p>\n<\/div>\n<\/div>\n\n\n\n<div class=\"wp-block-columns is-layout-flex wp-container-core-columns-is-layout-9d6595d7 wp-block-columns-is-layout-flex\">\n<div class=\"wp-block-column is-layout-flow wp-block-column-is-layout-flow\" style=\"flex-basis:33.33%\">\n<figure class=\"wp-block-image size-large\"><img loading=\"lazy\" decoding=\"async\" width=\"516\" height=\"490\" src=\"\/wp-content\/uploads\/2020\/09\/finanzieren.png\" alt=\"FINANZIERUNG\" class=\"wp-image-1112\" title=\"\" srcset=\"https:\/\/baumarkt-vreden.de\/wp-content\/uploads\/2020\/09\/finanzieren.png 516w, https:\/\/baumarkt-vreden.de\/wp-content\/uploads\/2020\/09\/finanzieren-300x285.png 300w\" sizes=\"(max-width: 516px) 100vw, 516px\" \/><\/figure>\n\n\n\n<p><\/p>\n<\/div>\n\n\n\n<div class=\"wp-block-column is-layout-flow wp-block-column-is-layout-flow\" style=\"flex-basis:66.66%\">\n<h2 class=\"wp-block-heading\">FINANZIERUNG<\/h2>\n\n\n\n<p>Sie haben keine Lust auf Sparen und Warten? Dann kaufen Sie doch auf Raten! Denn langes Sparen auf das Gartenhaus, die Garten-Bew\u00e4sserungssteuerung oder den neuen Boden f\u00fcrs Wohnzimmer muss nicht sein. Wenn Sie einfach unseren Finanzierungsservice nutzen, k\u00f6nnen Sie sich heute schon Ihre W\u00fcnsche erf\u00fcllen.<\/p>\n<\/div>\n<\/div>\n\n\n\n<div class=\"wp-block-columns is-layout-flex wp-container-core-columns-is-layout-9d6595d7 wp-block-columns-is-layout-flex\">\n<div class=\"wp-block-column is-layout-flow wp-block-column-is-layout-flow\" style=\"flex-basis:33.33%\">\n<figure class=\"wp-block-image size-large\"><img loading=\"lazy\" decoding=\"async\" width=\"516\" height=\"490\" src=\"\/wp-content\/uploads\/2020\/07\/service_holz-1.jpg\" alt=\"HOLZZUSCHNITT\" class=\"wp-image-453\" title=\"\" srcset=\"https:\/\/baumarkt-vreden.de\/wp-content\/uploads\/2020\/07\/service_holz-1.jpg 516w, https:\/\/baumarkt-vreden.de\/wp-content\/uploads\/2020\/07\/service_holz-1-300x285.jpg 300w\" sizes=\"(max-width: 516px) 100vw, 516px\" \/><\/figure>\n\n\n\n<p><\/p>\n<\/div>\n\n\n\n<div class=\"wp-block-column is-layout-flow wp-block-column-is-layout-flow\" style=\"flex-basis:66.66%\">\n<h2 class=\"wp-block-heading\">HOLZZUSCHNITT<\/h2>\n\n\n\n<p>Es ist ganz einfach: Sie vermessen Ihr Holz,&nbsp; wir schneiden es zu.<br>In unserem Zuschnittservice k\u00f6nnen wir Ihnen alle Plattenmaterialien aus Weichkunststoff, Holz, Pappe sowie St\u00e4be, Rohre und Profile aus diesen Materialien bis zu einer St\u00e4rke von max. 50 mm zuschneiden.<br><br>Maximale Plattenma\u00dfe: 4,00 x 2,00 m \/\/ Minimale Plattenma\u00dfe: 5,0 x 5,0 cm<\/p>\n\n\n\n<p><\/p>\n<\/div>\n<\/div>\n\n\n\n<div class=\"wp-block-columns is-layout-flex wp-container-core-columns-is-layout-9d6595d7 wp-block-columns-is-layout-flex\">\n<div class=\"wp-block-column is-layout-flow wp-block-column-is-layout-flow\" style=\"flex-basis:33.33%\">\n<figure class=\"wp-block-image size-large\"><img loading=\"lazy\" decoding=\"async\" width=\"516\" height=\"490\" src=\"\/wp-content\/uploads\/2020\/07\/service_schluessel-1.jpg\" alt=\"SCHL\u00dcSSELSERVICE\" class=\"wp-image-454\" title=\"\" srcset=\"https:\/\/baumarkt-vreden.de\/wp-content\/uploads\/2020\/07\/service_schluessel-1.jpg 516w, https:\/\/baumarkt-vreden.de\/wp-content\/uploads\/2020\/07\/service_schluessel-1-300x285.jpg 300w\" sizes=\"(max-width: 516px) 100vw, 516px\" \/><\/figure>\n\n\n\n<p><\/p>\n<\/div>\n\n\n\n<div class=\"wp-block-column is-layout-flow wp-block-column-is-layout-flow\" style=\"flex-basis:66.66%\">\n<h2 class=\"wp-block-heading\">SCHL\u00dcSSELSERVICE<\/h2>\n\n\n\n<p>Schl\u00fcssel sind kleine Gegenst\u00e4nde mit gro\u00dfer Wirkung, denn sie sch\u00fctzen unser Hab und Gut.<\/p>\n\n\n\n<p>Sie haben Ihren Schl\u00fcssel verbogen, verlegt oder ganz verloren? Wir fertigen Ihnen im Handumdrehen f\u00fcr alle g\u00e4ngigen Typen Profilzylinderschl\u00fcssel an.<\/p>\n\n\n\n<p>Das Nachmachen von Schl\u00fcsseln ist Vertrauenssache. Wir als Bau- und Gartenmarkt m\u00f6chten Ihnen diesen besonderen Service anbieten.<\/p>\n\n\n\n<p><\/p>\n<\/div>\n<\/div>\n\n\n\n<div class=\"wp-block-columns is-layout-flex wp-container-core-columns-is-layout-9d6595d7 wp-block-columns-is-layout-flex\">\n<div class=\"wp-block-column is-layout-flow wp-block-column-is-layout-flow\" style=\"flex-basis:33.33%\">\n<figure class=\"wp-block-image size-full\"><img loading=\"lazy\" decoding=\"async\" width=\"516\" height=\"490\" src=\"https:\/\/baumarkt-vreden.de\/wp-content\/uploads\/2022\/01\/image001.jpg\" alt=\"GRAVURSERVICE\" class=\"wp-image-3836\" title=\"\" srcset=\"https:\/\/baumarkt-vreden.de\/wp-content\/uploads\/2022\/01\/image001.jpg 516w, https:\/\/baumarkt-vreden.de\/wp-content\/uploads\/2022\/01\/image001-300x285.jpg 300w\" sizes=\"(max-width: 516px) 100vw, 516px\" \/><\/figure>\n\n\n\n<p><\/p>\n<\/div>\n\n\n\n<div class=\"wp-block-column is-layout-flow wp-block-column-is-layout-flow\" style=\"flex-basis:66.66%\">\n<h2 class=\"wp-block-heading\">GRAVURSERVICE<\/h2>\n\n\n\n<p>In unserem Bau- &#038; Gartenmarkt k\u00f6nnen Sie jetzt auch Edelstahl und Aluminium gravieren lassen.<\/p>\n<\/div>\n<\/div>\n\n\n\n<div class=\"wp-block-columns is-layout-flex wp-container-core-columns-is-layout-9d6595d7 wp-block-columns-is-layout-flex\">\n<div class=\"wp-block-column is-layout-flow wp-block-column-is-layout-flow\" style=\"flex-basis:33.33%\">\n<figure class=\"wp-block-image size-large\"><img loading=\"lazy\" decoding=\"async\" width=\"516\" height=\"490\" src=\"\/wp-content\/uploads\/2020\/07\/service_glasfalschen-1.jpg\" alt=\"GASFLASCHENTAUSCH\" class=\"wp-image-455\" title=\"\" srcset=\"https:\/\/baumarkt-vreden.de\/wp-content\/uploads\/2020\/07\/service_glasfalschen-1.jpg 516w, https:\/\/baumarkt-vreden.de\/wp-content\/uploads\/2020\/07\/service_glasfalschen-1-300x285.jpg 300w\" sizes=\"(max-width: 516px) 100vw, 516px\" \/><\/figure>\n\n\n\n<p><\/p>\n<\/div>\n\n\n\n<div class=\"wp-block-column is-layout-flow wp-block-column-is-layout-flow\" style=\"flex-basis:66.66%\">\n<h2 class=\"wp-block-heading\">GASFLASCHENTAUSCH<\/h2>\n\n\n\n<p>Ob klein, mittelgro\u00df oder ganz gro\u00df \u2013 in unserem Sortiment an Gasflaschen finden Sie sicherlich die f\u00fcr Sie passende. Bei uns k\u00f6nnen Sie Gasflaschen kaufen und wieder tauschen.<\/p>\n<\/div>\n<\/div>\n\n\n\n<div class=\"wp-block-columns is-layout-flex wp-container-core-columns-is-layout-9d6595d7 wp-block-columns-is-layout-flex\">\n<div class=\"wp-block-column is-layout-flow wp-block-column-is-layout-flow\" style=\"flex-basis:33.33%\">\n<figure class=\"wp-block-image size-large\"><img loading=\"lazy\" decoding=\"async\" width=\"516\" height=\"490\" src=\"\/wp-content\/uploads\/2020\/12\/Service_Lieferdienst.jpg\" alt=\"LIEFERSERVICE\" class=\"wp-image-2910\" title=\"\" srcset=\"https:\/\/baumarkt-vreden.de\/wp-content\/uploads\/2020\/12\/Service_Lieferdienst.jpg 516w, https:\/\/baumarkt-vreden.de\/wp-content\/uploads\/2020\/12\/Service_Lieferdienst-300x285.jpg 300w\" sizes=\"(max-width: 516px) 100vw, 516px\" \/><\/figure>\n\n\n\n<p><\/p>\n<\/div>\n\n\n\n<div class=\"wp-block-column is-layout-flow wp-block-column-is-layout-flow\" style=\"flex-basis:66.66%\">\n<h2 class=\"wp-block-heading\">LIEFERSERVICE<\/h2>\n\n\n\n<p>Ware zu lang, zu gro\u00df oder zu schwer? Kein Problem f\u00fcr uns. Wir liefern Ihnen die Ware direkt an die Baustelle.<\/p>\n\n\n\n<p>Zuverl\u00e4ssigkeit und Flexibilit\u00e4t sind die St\u00e4rken unseres Lieferservices. Durch verschiedene LKW Aufbauten wird ein schnelles Be- &#038; Entladen erm\u00f6glicht. <br>Unsere Mitnahmestapler sorgen daf\u00fcr, dass Ihre Produkte n\u00e4her an Ihrem Wunschort abgeladen werden k\u00f6nnen.<\/p>\n\n\n\n<p><\/p>\n<\/div>\n<\/div>\n\n\n\n<div class=\"wp-block-columns is-layout-flex wp-container-core-columns-is-layout-9d6595d7 wp-block-columns-is-layout-flex\">\n<div class=\"wp-block-column is-layout-flow wp-block-column-is-layout-flow\" style=\"flex-basis:33.33%\">\n<figure class=\"wp-block-image size-large\"><img loading=\"lazy\" decoding=\"async\" width=\"550\" height=\"550\" src=\"https:\/\/baumarkt-vreden.de\/wp-content\/uploads\/2020\/09\/plewa_montage.jpg\" alt=\"MONTAGESERVICE\" class=\"wp-image-1099\" title=\"\" srcset=\"https:\/\/baumarkt-vreden.de\/wp-content\/uploads\/2020\/09\/plewa_montage.jpg 550w, https:\/\/baumarkt-vreden.de\/wp-content\/uploads\/2020\/09\/plewa_montage-300x300.jpg 300w, https:\/\/baumarkt-vreden.de\/wp-content\/uploads\/2020\/09\/plewa_montage-150x150.jpg 150w\" sizes=\"(max-width: 550px) 100vw, 550px\" \/><\/figure>\n<\/div>\n\n\n\n<div class=\"wp-block-column is-layout-flow wp-block-column-is-layout-flow\" style=\"flex-basis:66.66%\">\n<h2 class=\"wp-block-heading\">MONTAGESERVICE<\/h2>\n\n\n\n<p>Ob T\u00fcren, Tore oder B\u00f6den \u2013 nutzen Sie unseren Montageservice! Sie suchen Ihr Wunschprodukt aus und wir erledigen den Rest. Unser Rundum sorglos Paket beinhaltet das Aufma\u00df, den Ausbau, den Einbau und die Entsorgung!<\/p>\n<\/div>\n<\/div>\n\n\n\n<div class=\"wp-block-columns is-layout-flex wp-container-core-columns-is-layout-9d6595d7 wp-block-columns-is-layout-flex\">\n<div class=\"wp-block-column is-layout-flow wp-block-column-is-layout-flow\" style=\"flex-basis:33.33%\">\n<figure class=\"wp-block-image size-large\"><img loading=\"lazy\" decoding=\"async\" width=\"600\" height=\"524\" src=\"https:\/\/baumarkt-vreden.de\/wp-content\/uploads\/2020\/09\/HG_POS_Toolbox_Logo_online_M.png\" alt=\"Hermes PaketShop\" class=\"wp-image-1215\" title=\"\" srcset=\"https:\/\/baumarkt-vreden.de\/wp-content\/uploads\/2020\/09\/HG_POS_Toolbox_Logo_online_M.png 600w, https:\/\/baumarkt-vreden.de\/wp-content\/uploads\/2020\/09\/HG_POS_Toolbox_Logo_online_M-300x262.png 300w\" sizes=\"(max-width: 600px) 100vw, 600px\" \/><\/figure>\n<\/div>\n\n\n\n<div class=\"wp-block-column is-layout-flow wp-block-column-is-layout-flow\" style=\"flex-basis:66.66%\">\n<h2 class=\"wp-block-heading\">Hermes PaketShop<\/h2>\n\n\n\n<p>In unserem Bau- &#038; Gartenmarkt in Vreden k\u00f6nnen Sie Pakete einfach und g\u00fcnstig mit Hermes versenden, Retouren abgeben oder auch unseren Paketshop als alternative Zustelladresse w\u00e4hlen.<\/p>\n\n\n\n<p>Detaillierte Infos finden Sie unter&nbsp;<a href=\"http:\/\/www.myhermes.de\/\" target=\"_blank\" rel=\"noopener\">www.myhermes.de<\/a><\/p>\n<\/div>\n<\/div>\n\n\n\n<div class=\"wp-block-columns is-layout-flex wp-container-core-columns-is-layout-9d6595d7 wp-block-columns-is-layout-flex\">\n<div class=\"wp-block-column is-layout-flow wp-block-column-is-layout-flow\" style=\"flex-basis:33.33%\"><\/div>\n\n\n\n<div class=\"wp-block-column is-layout-flow wp-block-column-is-layout-flow\" style=\"flex-basis:66.66%\">\n<p><\/p>\n<\/div>\n<\/div>\n\n\n\n<\/div>\n\n\n\n<p><\/p>\n","protected":false},"excerpt":{"rendered":"<p>ENTSORGUNG \u00adJeder Verbraucher ist gesetzlich verpflichtet, Alt-Batterien und Alt-Akkus an einer zugelassenen Sammelstelle abzugeben. Dadurch werden sie einer umwelt- und ressourcenschonenden Verwertung zugef\u00fchrt. Haushalts-Batterien und \u2013Akkus k\u00f6nnen Sie bei uns abgegeben. FARBMISCHSERVICE Ein gro\u00dfer Trend sind farbige W\u00e4nde. Eher kleine Zimmer k\u00f6nnen mit Farben optisch vergr\u00f6\u00dfert werden, auch lassen sich Stimmungen mit den entsprechenden Farben [&hellip;]<\/p>\n","protected":false},"author":1,"featured_media":0,"parent":0,"menu_order":20,"comment_status":"closed","ping_status":"closed","template":"","meta":{"_acf_changed":false,"_uag_custom_page_level_css":"","footnotes":""},"class_list":["post-14","page","type-page","status-publish","hentry"],"acf":[],"uagb_featured_image_src":{"full":false,"thumbnail":false,"medium":false,"medium_large":false,"large":false,"1536x1536":false,"2048x2048":false},"uagb_author_info":{"display_name":"bandf","author_link":"https:\/\/baumarkt-vreden.de\/nl\/author\/bandf\/"},"uagb_comment_info":0,"uagb_excerpt":"ENTSORGUNG \u00adJeder Verbraucher ist gesetzlich verpflichtet, Alt-Batterien und Alt-Akkus an einer zugelassenen Sammelstelle abzugeben. Dadurch werden sie einer umwelt- und ressourcenschonenden Verwertung zugef\u00fchrt. Haushalts-Batterien und \u2013Akkus k\u00f6nnen Sie bei uns abgegeben. FARBMISCHSERVICE Ein gro\u00dfer Trend sind farbige W\u00e4nde. Eher kleine Zimmer k\u00f6nnen mit Farben optisch vergr\u00f6\u00dfert werden, auch lassen sich Stimmungen mit den entsprechenden Farben&hellip;","_links":{"self":[{"href":"https:\/\/baumarkt-vreden.de\/nl\/wp-json\/wp\/v2\/pages\/14","targetHints":{"allow":["GET"]}}],"collection":[{"href":"https:\/\/baumarkt-vreden.de\/nl\/wp-json\/wp\/v2\/pages"}],"about":[{"href":"https:\/\/baumarkt-vreden.de\/nl\/wp-json\/wp\/v2\/types\/page"}],"author":[{"embeddable":true,"href":"https:\/\/baumarkt-vreden.de\/nl\/wp-json\/wp\/v2\/users\/1"}],"replies":[{"embeddable":true,"href":"https:\/\/baumarkt-vreden.de\/nl\/wp-json\/wp\/v2\/comments?post=14"}],"version-history":[{"count":25,"href":"https:\/\/baumarkt-vreden.de\/nl\/wp-json\/wp\/v2\/pages\/14\/revisions"}],"predecessor-version":[{"id":4317,"href":"https:\/\/baumarkt-vreden.de\/nl\/wp-json\/wp\/v2\/pages\/14\/revisions\/4317"}],"wp:attachment":[{"href":"https:\/\/baumarkt-vreden.de\/nl\/wp-json\/wp\/v2\/media?parent=14"}],"curies":[{"name":"wp","href":"https:\/\/api.w.org\/{rel}","templated":true}]}}