{"id":18,"date":"2020-05-20T11:12:23","date_gmt":"2020-05-20T09:12:23","guid":{"rendered":"https:\/\/plewa.brands-and-friends.de\/kontakt\/"},"modified":"2021-11-05T12:38:43","modified_gmt":"2021-11-05T11:38:43","slug":"kontakt","status":"publish","type":"page","link":"https:\/\/baumarkt-vreden.de\/nl\/kontakt\/","title":{"rendered":"Kontakt"},"content":{"rendered":"\n<figure class=\"wp-block-image size-large subpage-header\"><img decoding=\"async\" src=\"\/wp-content\/uploads\/2020\/09\/header-kontakt.jpg\" alt=\"\" title=\"\"><\/figure>\n\n\n\n<div class=\"fixed-size content-container garten-container standort-container\">\n<!-- Widget Shortcode --><div id=\"bcn_widget-2\" class=\"widget widget_breadcrumb_navxt widget-shortcode area-arbitrary \"><div class=\"breadcrumbs\" vocab=\"https:\/\/schema.org\/\" typeof=\"BreadcrumbList\"><span property=\"itemListElement\" typeof=\"ListItem\"><a property=\"item\" typeof=\"WebPage\" title=\"Go to BAUFUCHS Plewa - Baumarkt Vreden.\" href=\"https:\/\/baumarkt-vreden.de\/nl\" class=\"home\" ><span property=\"name\">BAUFUCHS Plewa - Baumarkt Vreden<\/span><\/a><meta property=\"position\" content=\"1\"><\/span>&gt;<span property=\"itemListElement\" typeof=\"ListItem\"><a property=\"item\" typeof=\"WebPage\" title=\"Go to Startseite.\" href=\"https:\/\/baumarkt-vreden.de\/nl\/startseite\/\" class=\"post-root post post-post\" aria-current=\"page\"><span property=\"name\">Startseite<\/span><\/a><meta property=\"position\" content=\"2\"><\/span><\/div><\/div><!-- \/Widget Shortcode -->\n\n\n\n<div class=\"wp-block-columns is-layout-flex wp-container-core-columns-is-layout-9d6595d7 wp-block-columns-is-layout-flex\">\n<div class=\"wp-block-column is-layout-flow wp-block-column-is-layout-flow\">\n<h2 class=\"wp-block-heading\">BAUSTOFFHANDEL VREDEN<\/h2>\n\n\n\n<figure class=\"wp-block-image size-large\"><img decoding=\"async\" src=\"\/wp-content\/uploads\/2020\/09\/standort-vreden-neu.png\" alt=\"\" title=\"\"><\/figure>\n\n\n\n<div class=\"wp-block-columns is-layout-flex wp-container-core-columns-is-layout-9d6595d7 wp-block-columns-is-layout-flex\">\n<div class=\"wp-block-column is-layout-flow wp-block-column-is-layout-flow\" style=\"flex-basis:66.66%\">\n<p><strong>W\u00fcllener Str. 89-91<br>48691 Vreden<\/strong><\/p>\n<\/div>\n\n\n\n<div class=\"wp-block-column is-layout-flow wp-block-column-is-layout-flow\" style=\"flex-basis:40%\">\n<div class=\"wp-block-buttons btn-kontakt is-layout-flex wp-block-buttons-is-layout-flex\">\n<div class=\"wp-block-button\"><a class=\"wp-block-button__link has-background no-border-radius\" href=\"https:\/\/www.google.de\/maps\/place\/W%C3%BCllener+Str.+89,+48691+Vreden\/@52.0350033,6.8360613,17z\/data=!3m1!4b1!4m5!3m4!1s0x47b86f2a85cd64fb:0xd237df9ab4dacb13!8m2!3d52.035!4d6.83825\" style=\"background-color:#25438a\" target=\"_blank\" rel=\"noopener\">Route planen<\/a><\/div>\n<\/div>\n<\/div>\n<\/div>\n\n\n\n<i class=\"fa fa-phone\" aria-hidden=\"true\"><\/i>  02564-936510\n\n\n\n<p>Als Baustoffh\u00e4ndler in Ihrer N\u00e4he sind wir flexibel, zuverl\u00e4ssig und liefern alles aus einer Hand. &nbsp;Zu unseren St\u00e4rken z\u00e4hlt der pers\u00f6nliche Kontakt, die unternehmenseigene Logistik sowie ein gro\u00dfes Lager und schnellste Beschaffungsm\u00f6glichkeiten.<br>In unseren Baustoffhandlungen &nbsp;werden Sie rund um die Themen Tiefbau, Hochbau, Garten- &#038; Landschaftsbau, Trockenbau &#038; D\u00e4mmung sowie Bauchemie f\u00fcndig. Neben den Baustoffen finden Sie Profi-Zubeh\u00f6r in unserem Fachmarkt. Fertigbeton k\u00f6nnen Sie&nbsp; frisch aus unserer Betontankstelle in Vreden beziehen.<\/p>\n<\/div>\n\n\n\n<div class=\"wp-block-column is-layout-flow wp-block-column-is-layout-flow\">\n<h2 class=\"wp-block-heading\">BAU- &#038; GARTENMARKT<\/h2>\n\n\n\n<figure class=\"wp-block-image size-large\"><img decoding=\"async\" src=\"\/wp-content\/uploads\/2020\/09\/bauamrkt-standort.jpg\" alt=\"\" title=\"\"><\/figure>\n\n\n\n<div class=\"wp-block-columns is-layout-flex wp-container-core-columns-is-layout-9d6595d7 wp-block-columns-is-layout-flex\">\n<div class=\"wp-block-column is-layout-flow wp-block-column-is-layout-flow\" style=\"flex-basis:66.66%\">\n<p><strong>W\u00fcllener Str. 76-78<br>48691 Vreden<\/strong><\/p>\n<\/div>\n\n\n\n<div class=\"wp-block-column is-layout-flow wp-block-column-is-layout-flow\" style=\"flex-basis:40%\">\n<div class=\"wp-block-buttons btn-kontakt is-layout-flex wp-block-buttons-is-layout-flex\">\n<div class=\"wp-block-button\"><a class=\"wp-block-button__link has-background no-border-radius\" href=\"https:\/\/www.google.de\/maps\/place\/W%C3%BCllener+Str.+76,+48691+Vreden\/@52.0348768,6.8329228,17z\/data=!3m1!4b1!4m5!3m4!1s0x47b86f2a1a97cd61:0xe79dd9c196ea1437!8m2!3d52.0348735!4d6.8351115\" style=\"background-color:#25438a\" target=\"_blank\" rel=\"noopener\">Route planen<\/a><\/div>\n<\/div>\n<\/div>\n<\/div>\n\n\n\n<i class=\"fa fa-phone\" aria-hidden=\"true\"><\/i>   02564-936550\n\n\n\n<p>Getreu unserem Motto &#8220;So nah, so gut, so passt&#8217;s&#8221; sind wir Ihr Nahversorgerfachmarkt vor Ort. Eine pers\u00f6nliche und fachlich ausf\u00fchrliche Beratung ist f\u00fcr uns selbstverst\u00e4ndlich. Fachmarktspezifische Serviceleistungen runden unser Service-Paket ab.<\/p>\n<\/div>\n\n\n\n<div class=\"wp-block-column is-layout-flow wp-block-column-is-layout-flow\">\n<h2 class=\"wp-block-heading\">BAUSTOFFHANDEL LEGDEN<\/h2>\n\n\n\n<figure class=\"wp-block-image size-large\"><img decoding=\"async\" src=\"\/wp-content\/uploads\/2020\/09\/standort-legden.jpg\" alt=\"\" title=\"\"><\/figure>\n\n\n\n<div class=\"wp-block-columns is-layout-flex wp-container-core-columns-is-layout-9d6595d7 wp-block-columns-is-layout-flex\">\n<div class=\"wp-block-column is-layout-flow wp-block-column-is-layout-flow\" style=\"flex-basis:66.66%\">\n<p><strong>Neue M\u00fchle 16 <br>48739 Legden<\/strong><\/p>\n<\/div>\n\n\n\n<div class=\"wp-block-column is-layout-flow wp-block-column-is-layout-flow\" style=\"flex-basis:40%\">\n<div class=\"wp-block-buttons btn-kontakt is-layout-flex wp-block-buttons-is-layout-flex\">\n<div class=\"wp-block-button\"><a class=\"wp-block-button__link has-background no-border-radius\" href=\"https:\/\/www.google.de\/maps\/place\/Neue+M%C3%BChle+16,+48739+Legden\/@52.0404069,7.0885654,17z\/data=!3m1!4b1!4m5!3m4!1s0x47b844405d3bfc51:0x2950a00af30b38d1!8m2!3d52.0404036!4d7.0907541\" style=\"background-color:#25438a\" target=\"_blank\" rel=\"noopener\">Route planen<\/a><\/div>\n<\/div>\n<\/div>\n<\/div>\n\n\n\n<i class=\"fa fa-phone\" aria-hidden=\"true\"><\/i>   02566-5239966\n\n\n\n<p>Als Baustoffh\u00e4ndler in Ihrer N\u00e4he sind wir flexibel, zuverl\u00e4ssig und liefern alles aus einer Hand.&nbsp; Zu unseren St\u00e4rken z\u00e4hlt der pers\u00f6nliche Kontakt, die unternehmenseigene Logistik sowie ein gro\u00dfes Lager und schnellste Beschaffungsm\u00f6glichkeiten.<br>In unseren Baustoffhandlungen&nbsp; werden Sie rund um die Themen Tiefbau, Hochbau, Garten- &#038; Landschaftsbau, Trockenbau &#038; D\u00e4mmung sowie Bauchemie f\u00fcndig. Neben den Baustoffen finden Sie Profi-Zubeh\u00f6r in unserem Fachmarkt.<\/p>\n<\/div>\n<\/div>\n\n\n\n<\/div>\n","protected":false},"excerpt":{"rendered":"<p>BAUSTOFFHANDEL VREDEN W\u00fcllener Str. 89-9148691 Vreden 02564-936510 Als Baustoffh\u00e4ndler in Ihrer N\u00e4he sind wir flexibel, zuverl\u00e4ssig und liefern alles aus einer Hand. &nbsp;Zu unseren St\u00e4rken z\u00e4hlt der pers\u00f6nliche Kontakt, die unternehmenseigene Logistik sowie ein gro\u00dfes Lager und schnellste Beschaffungsm\u00f6glichkeiten.In unseren Baustoffhandlungen &nbsp;werden Sie rund um die Themen Tiefbau, Hochbau, Garten- &#038; Landschaftsbau, Trockenbau &#038; D\u00e4mmung [&hellip;]<\/p>\n","protected":false},"author":1,"featured_media":0,"parent":0,"menu_order":60,"comment_status":"closed","ping_status":"closed","template":"","meta":{"_acf_changed":false,"_uag_custom_page_level_css":"","footnotes":""},"class_list":["post-18","page","type-page","status-publish","hentry"],"acf":[],"uagb_featured_image_src":{"full":false,"thumbnail":false,"medium":false,"medium_large":false,"large":false,"1536x1536":false,"2048x2048":false},"uagb_author_info":{"display_name":"bandf","author_link":"https:\/\/baumarkt-vreden.de\/nl\/author\/bandf\/"},"uagb_comment_info":0,"uagb_excerpt":"BAUSTOFFHANDEL VREDEN W\u00fcllener Str. 89-9148691 Vreden 02564-936510 Als Baustoffh\u00e4ndler in Ihrer N\u00e4he sind wir flexibel, zuverl\u00e4ssig und liefern alles aus einer Hand. &nbsp;Zu unseren St\u00e4rken z\u00e4hlt der pers\u00f6nliche Kontakt, die unternehmenseigene Logistik sowie ein gro\u00dfes Lager und schnellste Beschaffungsm\u00f6glichkeiten.In unseren Baustoffhandlungen &nbsp;werden Sie rund um die Themen Tiefbau, Hochbau, Garten- &#038; Landschaftsbau, Trockenbau &#038; D\u00e4mmung&hellip;","_links":{"self":[{"href":"https:\/\/baumarkt-vreden.de\/nl\/wp-json\/wp\/v2\/pages\/18","targetHints":{"allow":["GET"]}}],"collection":[{"href":"https:\/\/baumarkt-vreden.de\/nl\/wp-json\/wp\/v2\/pages"}],"about":[{"href":"https:\/\/baumarkt-vreden.de\/nl\/wp-json\/wp\/v2\/types\/page"}],"author":[{"embeddable":true,"href":"https:\/\/baumarkt-vreden.de\/nl\/wp-json\/wp\/v2\/users\/1"}],"replies":[{"embeddable":true,"href":"https:\/\/baumarkt-vreden.de\/nl\/wp-json\/wp\/v2\/comments?post=18"}],"version-history":[{"count":17,"href":"https:\/\/baumarkt-vreden.de\/nl\/wp-json\/wp\/v2\/pages\/18\/revisions"}],"predecessor-version":[{"id":3705,"href":"https:\/\/baumarkt-vreden.de\/nl\/wp-json\/wp\/v2\/pages\/18\/revisions\/3705"}],"wp:attachment":[{"href":"https:\/\/baumarkt-vreden.de\/nl\/wp-json\/wp\/v2\/media?parent=18"}],"curies":[{"name":"wp","href":"https:\/\/api.w.org\/{rel}","templated":true}]}}