{"id":21,"date":"2020-05-20T11:12:47","date_gmt":"2020-05-20T09:12:47","guid":{"rendered":"https:\/\/plewa.brands-and-friends.de\/sortiment\/garten\/"},"modified":"2023-10-09T15:29:20","modified_gmt":"2023-10-09T13:29:20","slug":"garten","status":"publish","type":"page","link":"https:\/\/baumarkt-vreden.de\/nl\/sortiment\/garten\/","title":{"rendered":"Garten"},"content":{"rendered":"\n<figure class=\"wp-block-image size-full subpage-header\"><img fetchpriority=\"high\" decoding=\"async\" width=\"1920\" height=\"353\" src=\"https:\/\/plewa.brands-and-friends.de\/wp-content\/uploads\/2020\/08\/garten_header-scaled.jpg\" alt=\"\" class=\"wp-image-648\" title=\"\" srcset=\"https:\/\/baumarkt-vreden.de\/wp-content\/uploads\/2020\/08\/garten_header-scaled.jpg 1920w, https:\/\/baumarkt-vreden.de\/wp-content\/uploads\/2020\/08\/garten_header-300x55.jpg 300w, https:\/\/baumarkt-vreden.de\/wp-content\/uploads\/2020\/08\/garten_header-1024x188.jpg 1024w, https:\/\/baumarkt-vreden.de\/wp-content\/uploads\/2020\/08\/garten_header-768x141.jpg 768w, https:\/\/baumarkt-vreden.de\/wp-content\/uploads\/2020\/08\/garten_header-1536x283.jpg 1536w, https:\/\/baumarkt-vreden.de\/wp-content\/uploads\/2020\/08\/garten_header-2048x377.jpg 2048w\" sizes=\"(max-width: 1920px) 100vw, 1920px\" \/><\/figure>\n\n\n\n<figure class=\"wp-block-image size-medium is-resized stoerer-garten-header\"><img decoding=\"async\" src=\"https:\/\/plewa.brands-and-friends.de\/wp-content\/uploads\/2020\/09\/stoerer-muster-ausstellung-300x296.png\" alt=\"\" class=\"wp-image-1070\" width=\"225\" height=\"222\" title=\"\" srcset=\"https:\/\/baumarkt-vreden.de\/wp-content\/uploads\/2020\/09\/stoerer-muster-ausstellung-300x296.png 300w, https:\/\/baumarkt-vreden.de\/wp-content\/uploads\/2020\/09\/stoerer-muster-ausstellung.png 422w\" sizes=\"(max-width: 225px) 100vw, 225px\" \/><\/figure>\n\n\n\n<div class=\"fixed-size content-container garten-container\">\n<!-- Widget Shortcode --><div id=\"bcn_widget-2\" class=\"widget widget_breadcrumb_navxt widget-shortcode area-arbitrary \"><div class=\"breadcrumbs\" vocab=\"https:\/\/schema.org\/\" typeof=\"BreadcrumbList\"><span property=\"itemListElement\" typeof=\"ListItem\"><a property=\"item\" typeof=\"WebPage\" title=\"Go to BAUFUCHS Plewa - Baumarkt Vreden.\" href=\"https:\/\/baumarkt-vreden.de\/nl\" class=\"home\" ><span property=\"name\">BAUFUCHS Plewa - Baumarkt Vreden<\/span><\/a><meta property=\"position\" content=\"1\"><\/span>&gt;<span property=\"itemListElement\" typeof=\"ListItem\"><a property=\"item\" typeof=\"WebPage\" title=\"Go to Startseite.\" href=\"https:\/\/baumarkt-vreden.de\/nl\/startseite\/\" class=\"post-root post post-post\" aria-current=\"page\"><span property=\"name\">Startseite<\/span><\/a><meta property=\"position\" content=\"2\"><\/span><\/div><\/div><!-- \/Widget Shortcode -->\n\n\n\n<div class=\"wp-block-columns is-layout-flex wp-container-core-columns-is-layout-9d6595d7 wp-block-columns-is-layout-flex\">\n<div class=\"wp-block-column is-layout-flow wp-block-column-is-layout-flow\" style=\"flex-basis:33.33%\">\n<div class=\"page-ap\">\n<!-- Widget Shortcode --><div id=\"widgetkit-2\" class=\"widget widget_widgetkit widget-shortcode area-arbitrary \"><h2 class=\"widgettitle\">Ansprechpartner-Garten<\/h2>\n<div id=\"wk-5c3\">\n    <div class=\"uk-panel uk-panel uk-padding-remove uk-overflow-hidden\">\n\n                <div class=\"uk-grid uk-grid-collapse \" data-uk-grid-margin>\n            <div class=\"uk-width-1-1 uk-text-center\">\n                \n<div class=\"uk-slidenav-position\" data-uk-slideshow=\"{animation: 'swipe',autoplay: true }\">\n\n    <ul class=\"uk-slideshow\">\n        \n            <li style=\"min-height: 0px;\">\n                <img decoding=\"async\" src=\"https:\/\/baumarkt-vreden.de\/wp-content\/uploads\/2020\/08\/Rene-Lammers.png\" alt=\"Rene Lammers\" title=\"\">            <\/li>\n\n        \n            <li style=\"min-height: 0px;\">\n                <img decoding=\"async\" src=\"https:\/\/baumarkt-vreden.de\/wp-content\/uploads\/2020\/06\/benno_pazek.png\" alt=\"Benno Pazek\" title=\"\">            <\/li>\n\n        \n            <li style=\"min-height: 0px;\">\n                <img decoding=\"async\" src=\"https:\/\/baumarkt-vreden.de\/wp-content\/uploads\/2020\/08\/jonas_marpert.png\" alt=\"Jonas Marpert\" title=\"\">            <\/li>\n\n        \n            <li style=\"min-height: 0px;\">\n                <img decoding=\"async\" src=\"https:\/\/baumarkt-vreden.de\/wp-content\/uploads\/2020\/06\/petra_keizers-1.png\" alt=\"Petra Keizers\" title=\"\">            <\/li>\n\n            <\/ul>\n\n        <a href=\"#\" class=\"uk-slidenav uk-slidenav-contrast uk-slidenav-previous uk-hidden-touch\" data-uk-slideshow-item=\"previous\"><\/a>\n    <a href=\"#\" class=\"uk-slidenav uk-slidenav-contrast uk-slidenav-next uk-hidden-touch\" data-uk-slideshow-item=\"next\"><\/a>\n    \n    \n<\/div>\n            <\/div>\n            <div class=\"uk-width-1-1\">\n        \n        <div class=\"uk-panel-body uk-text-left\" data-uk-slideshow=\"{autoplay: true }\">\n            <ul class=\"uk-slideshow\">\n                \n                <li>\n\n                    \n                                        <div class=\" uk-margin-top\">\n<p class=\"ap-fuer\"><strong>IHRE ANSPRECHPARTNERIN F\u00dcR BAUSTOFFE.<\/strong><\/p>\n\n\n\n<p class=\"ap-standort\"><em>Baustoffhandlung Vreden<\/em><\/p>\n\n\n\n<h4 class=\"ap-name wp-block-heading\">Pia Wewers<br><em>Beraterin Baustoffe<\/em><\/h4>\n\n\n\n<figure class=\"wp-block-table ap-tabelle\"><table><tbody><tr><td><i class=\"fa fa-phone\" aria-hidden=\"true\"><\/i><\/td><td><a href=\"tel:+492564936525\" class=\"rank-math-link\">02564-936525<\/a><\/td><\/tr><tr><td><i class=\"fa fa-envelope\" aria-hidden=\"true\"><\/i><\/td><td><a href=\"mailto:pia.wewers@baufuchs-plewa.de\" class=\"rank-math-link\">pia.wewers@baufuchs-plewa.de<\/a><\/td><\/tr><\/tbody><\/table><\/figure>\n\n\n\n<p><\/p>\n<\/div>\n                    \n                    \n                <\/li>\n\n            \n                <li>\n\n                    \n                                        <div class=\" uk-margin-top\">\n<p class=\"ap-fuer\"><strong>LEITUNG GALA-BAU &#038; IHR ANSPRECHPARTNER F\u00dcR<br>GARTEN- &#038; LANDSCHAFTSBAU.<\/strong><\/p>\n\n\n\n<p class=\"ap-standort\"><em>Baustoffhandel Vreden<\/em><\/p>\n\n\n\n<h4 class=\"ap-name wp-block-heading\">Benno Pazek<br><em>Leitung GaLa-Bau &#038; Berater Garten- &#038; Landschaftsbau \/ Gartenplaner<\/em><\/h4>\n\n\n\n<figure class=\"wp-block-table ap-tabelle\"><table><tbody><tr><td><i class=\"fa fa-phone\" aria-hidden=\"true\"><\/i><\/td><td><a href=\"tel:+492564936514\" class=\"rank-math-link\">02564-936514<\/a><\/td><\/tr><tr><td><i class=\"fa fa-envelope\" aria-hidden=\"true\"><\/i><\/td><td><a href=\"mailto:benno.pazek@baufuchs-plewa.de\" class=\"rank-math-link\">benno.pazek@baufuchs-plewa.de<\/a><\/td><\/tr><\/tbody><\/table><\/figure>\n<\/div>\n                    \n                    \n                <\/li>\n\n            \n                <li>\n\n                    \n                                        <div class=\" uk-margin-top\">\n<p class=\"ap-fuer\"><strong>IHR ANSPRECHPARTNER F\u00dcR<br>BAUSTOFFE.<\/strong><\/p>\n\n\n\n<p class=\"ap-standort\"><em>Baustoffhandel Vreden<\/em><\/p>\n\n\n\n<h4 class=\"ap-name wp-block-heading\">Jonas Marpert (Azubi)<br><em>Berater Baustoffe<\/em><\/h4>\n\n\n\n<figure class=\"wp-block-table ap-tabelle\"><table><tbody><tr><td><i class=\"fa fa-phone\" aria-hidden=\"true\"><\/i><\/td><td><a href=\"tel:+492564936510\" class=\"rank-math-link\">02564-936510<\/a><\/td><\/tr><tr><td><i class=\"fa fa-envelope\" aria-hidden=\"true\"><\/i><\/td><td><a href=\"mailto:jonas.marpert@baufuchs-plewa.de\" class=\"rank-math-link\">jonas.marpert@baufuchs-plewa.de<\/a><\/td><\/tr><\/tbody><\/table><\/figure>\n<\/div>\n                    \n                    \n                <\/li>\n\n            \n                <li>\n\n                    \n                                        <div class=\" uk-margin-top\">\n<p class=\"ap-fuer\"><strong>IHRE ANSPRECHPARTNERIN F\u00dcR<br>GARTEN- &#038; LANDSCHAFTSBAU \/ FLIESEN<\/strong>.<\/p>\n\n\n\n<p class=\"ap-standort\"><em>Baustoffhandel Vreden<\/em><\/p>\n\n\n\n<h4 class=\"ap-name wp-block-heading\">Petra Keizers<br><em>Beraterin Garten- &#038; Landschaftsbau \/ Fliesen<\/em><\/h4>\n\n\n\n<figure class=\"wp-block-table ap-tabelle\"><table><tbody><tr><td><i class=\"fa fa-phone\" aria-hidden=\"true\"><\/i><\/td><td><a href=\"tel:+4925649365519\" class=\"rank-math-link\">02564-9365519<\/a><\/td><\/tr><tr><td><i class=\"fa fa-envelope\" aria-hidden=\"true\"><\/i><\/td><td><a href=\"mailto:petra.keizers@baufuchs-plewa.de\" class=\"rank-math-link\">petra.keizers@baufuchs-plewa.de<\/a><\/td><\/tr><\/tbody><\/table><\/figure>\n<\/div>\n                    \n                    \n                <\/li>\n\n                        <\/ul>\n\n            \n        <\/div>\n\n                    <\/div>\n        <\/div>\n        \n    <\/div>\n<\/div>\n\n<script>\n\n    (function($){\n\n        var settings   = {\"panel\":\"blank\",\"nav\":\"none\",\"nav_overlay\":true,\"nav_align\":\"center\",\"thumbnail_width\":\"70\",\"thumbnail_height\":\"70\",\"thumbnail_alt\":false,\"slidenav\":\"default\",\"nav_contrast\":true,\"animation\":\"swipe\",\"slices\":\"15\",\"duration\":\"500\",\"autoplay\":true,\"interval\":\"7000\",\"autoplay_pause\":true,\"kenburns\":false,\"kenburns_animation\":\"\",\"kenburns_duration\":\"15\",\"fullscreen\":false,\"min_height\":\"0\",\"media\":true,\"image_width\":\"auto\",\"image_height\":\"auto\",\"media_align\":\"top\",\"media_width\":\"1-2\",\"media_breakpoint\":\"medium\",\"content_align\":true,\"title\":false,\"content\":true,\"title_size\":\"h3\",\"content_size\":\"\",\"text_align\":\"left\",\"link\":false,\"link_style\":\"button\",\"link_text\":\"Read more\",\"badge\":false,\"badge_style\":\"badge\",\"link_target\":false,\"class\":\"\",\"id\":\"5c3\"},\n            container  = $('#wk-5c3'),\n            slideshows = container.find('[data-uk-slideshow]');\n\n        if (slideshows.length > 1) {\n            container.on('beforeshow.uk.slideshow', function(e, next) {\n                slideshows.not(next.closest('[data-uk-slideshow]')[0]).data('slideshow').show(next.index());\n            });\n        }\n\n        if (settings.autoplay && settings.autoplay_pause) {\n\n            container.on({\n                mouseenter: function() {\n                    slideshows.each(function(){\n                        $(this).data('slideshow').stop();\n                    });\n                },\n                mouseleave: function() {\n                    slideshows.each(function(){\n                        $(this).data('slideshow').start();\n                    });\n                }\n            });\n        }\n\n    })(jQuery);\n\n<\/script>\n<\/div><!-- \/Widget Shortcode -->\n<\/div>\n<div class=\"sidebar-standorte\">\n\n\n\n<h6 class=\"wp-block-heading\">BAUSTOFFE VREDEN<\/h6>\n\n\n\n<ul class=\"wp-block-list\"><li>Holz im Garten<\/li><li>Z\u00e4une<\/li><li>Beleuchtung <\/li><li>Gartenh\u00e4user <\/li><li>Terrassenb\u00f6den <\/li><li>Pflastersteine <\/li><\/ul>\n\n\n\n<h6 class=\"wp-block-heading\">BAU- &#038; GARTENMARKT VREDEN<\/h6>\n\n\n\n<ul class=\"wp-block-list\"><li>Beleuchtung<\/li><li>Gartenm\u00f6bel<\/li><li>Gartentechnik \/ Gartenger\u00e4te<\/li><li>Grill<\/li><li>T\u00f6pfe<\/li><li>Pflanzen<\/li><li>Pflanzenschutz\/ D\u00fcnger<\/li><\/ul>\n\n\n\n<h6 class=\"wp-block-heading\">BAUSTOFFE LEGDEN<\/h6>\n\n\n\n<ul class=\"wp-block-list\"><li>Holz im Garten<\/li><li>Pflastersteine<\/li><li>Beleuchtung <\/li><li>Terrassenb\u00f6den <\/li><li>Z\u00e4une<\/li><\/ul>\n\n\n\n<\/div>\n\n\n\n<div class=\"vorher-nachher\">\n\n<div data-uk-slideshow=\"{animation: 'swipe'}\">\n\n    <div class=\"uk-position-relative\">\n\n        <ul class=\"uk-slideshow\">\n        \n            <li style=\"min-height: 0px;\">\n\n                \n                    <img decoding=\"async\" src=\"\/wp-content\/uploads\/2020\/08\/DSC03080.jpg\" alt=\"Garten Referenz 08\" title=\"\">\n                    \n                    \n                    \n                \n            <\/li>\n\n        \n            <li style=\"min-height: 0px;\">\n\n                \n                    <img decoding=\"async\" src=\"\/wp-content\/uploads\/2020\/08\/IMG-20190930-WA0005.jpg\" alt=\"Garten Referenz 14\" title=\"\">\n                    \n                    \n                    \n                \n            <\/li>\n\n        \n            <li style=\"min-height: 0px;\">\n\n                \n                    <img decoding=\"async\" src=\"\/wp-content\/uploads\/2020\/08\/IMG_20190720_1922341.jpg\" alt=\"Garten Referenz 13\" title=\"\">\n                    \n                    \n                    \n                \n            <\/li>\n\n        \n            <li style=\"min-height: 0px;\">\n\n                \n                    <img decoding=\"async\" src=\"\/wp-content\/uploads\/2020\/08\/IMG_20180730_1628419.jpg\" alt=\"Garten Referenz 12\" title=\"\">\n                    \n                    \n                    \n                \n            <\/li>\n\n        \n            <li style=\"min-height: 0px;\">\n\n                \n                    <img decoding=\"async\" src=\"\/wp-content\/uploads\/2020\/08\/garten_referenz_01.jpg\" alt=\"Garten Referenz 01\" title=\"\">\n                    \n                    \n                    \n                \n            <\/li>\n\n        \n            <li style=\"min-height: 0px;\">\n\n                \n                    <img decoding=\"async\" src=\"\/wp-content\/uploads\/2020\/08\/garten_referenz_02.jpg\" alt=\"Garten Referenz 02\" title=\"\">\n                    \n                    \n                    \n                \n            <\/li>\n\n        \n            <li style=\"min-height: 0px;\">\n\n                \n                    <img decoding=\"async\" src=\"\/wp-content\/uploads\/2020\/08\/garten_referenz_03.jpg\" alt=\"Garten Referenz 03\" title=\"\">\n                    \n                    \n                    \n                \n            <\/li>\n\n        \n            <li style=\"min-height: 0px;\">\n\n                \n                    <img decoding=\"async\" src=\"\/wp-content\/uploads\/2020\/08\/garten_referenz_04.jpg\" alt=\"Garten Referenz 04\" title=\"\">\n                    \n                    \n                    \n                \n            <\/li>\n\n        \n            <li style=\"min-height: 0px;\">\n\n                \n                    <img decoding=\"async\" src=\"\/wp-content\/uploads\/2020\/08\/25-015.jpg\" alt=\"Garten Referenz 05\" title=\"\">\n                    \n                    \n                    \n                \n            <\/li>\n\n        \n            <li style=\"min-height: 0px;\">\n\n                \n                    <img decoding=\"async\" src=\"\/wp-content\/uploads\/2020\/08\/DSC_3692.jpg\" alt=\"Garten Referenz 06\" title=\"\">\n                    \n                    \n                    \n                \n            <\/li>\n\n        \n            <li style=\"min-height: 0px;\">\n\n                \n                    <img decoding=\"async\" src=\"\/wp-content\/uploads\/2020\/08\/DSC01582.jpg\" alt=\"Garten Referenz 07\" title=\"\">\n                    \n                    \n                    \n                \n            <\/li>\n\n        \n            <li style=\"min-height: 0px;\">\n\n                \n                    <img decoding=\"async\" src=\"\/wp-content\/uploads\/2020\/08\/DSCF0676.jpg\" alt=\"Garten Referenz 09\" title=\"\">\n                    \n                    \n                    \n                \n            <\/li>\n\n        \n            <li style=\"min-height: 0px;\">\n\n                \n                    <img decoding=\"async\" src=\"\/wp-content\/uploads\/2020\/08\/IMG_20161021_100141.jpg\" alt=\"Garten Referenz 10\" title=\"\">\n                    \n                    \n                    \n                \n            <\/li>\n\n        \n            <li style=\"min-height: 0px;\">\n\n                \n                    <img decoding=\"async\" src=\"\/wp-content\/uploads\/2020\/08\/IMG_20170706_1044280.jpg\" alt=\"Garten Referenz 11\" title=\"\">\n                    \n                    \n                    \n                \n            <\/li>\n\n        \n            <li style=\"min-height: 0px;\">\n\n                \n                    <img decoding=\"async\" src=\"\/wp-content\/uploads\/2020\/08\/mm-004.jpg\" alt=\"Garten Referenz 15\" title=\"\">\n                    \n                    \n                    \n                \n            <\/li>\n\n        \n            <li style=\"min-height: 0px;\">\n\n                \n                    <img decoding=\"async\" src=\"\/wp-content\/uploads\/2020\/08\/P1000532.jpg\" alt=\"Garten Referenz 16\" title=\"\">\n                    \n                    \n                    \n                \n            <\/li>\n\n        \n            <li style=\"min-height: 0px;\">\n\n                \n                    <img decoding=\"async\" src=\"\/wp-content\/uploads\/2020\/08\/P4280009.jpg\" alt=\"Garten Referenz 17\" title=\"\">\n                    \n                    \n                    \n                \n            <\/li>\n\n        \n            <li style=\"min-height: 0px;\">\n\n                \n                    <img decoding=\"async\" src=\"\/wp-content\/uploads\/2020\/08\/P5200023.jpg\" alt=\"Garten Referenz 18\" title=\"\">\n                    \n                    \n                    \n                \n            <\/li>\n\n        \n            <li style=\"min-height: 0px;\">\n\n                \n                    <img decoding=\"async\" src=\"\/wp-content\/uploads\/2020\/08\/P7170013.jpg\" alt=\"Garten Referenz 19\" title=\"\">\n                    \n                    \n                    \n                \n            <\/li>\n\n        \n            <li style=\"min-height: 0px;\">\n\n                \n                    <img decoding=\"async\" src=\"\/wp-content\/uploads\/2020\/08\/P8240032.jpg\" alt=\"Garten Referenz 20\" title=\"\">\n                    \n                    \n                    \n                \n            <\/li>\n\n        \n            <li style=\"min-height: 0px;\">\n\n                \n                    <img decoding=\"async\" src=\"\/wp-content\/uploads\/2020\/08\/STENDERS-016.jpg\" alt=\"Garten Referenz 21\" title=\"\">\n                    \n                    \n                    \n                \n            <\/li>\n\n                <\/ul>\n\n                <div class=\"uk-position-bottom-right uk-margin uk-margin-left uk-margin-right\">\n            <div class=\"uk-grid uk-grid-small\">\n                <div><a href=\"#\" class=\"uk-slidenav uk-slidenav-contrast uk-slidenav-previous\" data-uk-slideshow-item=\"previous\"><\/a><\/div>\n                <div><a href=\"#\" class=\"uk-slidenav uk-slidenav-contrast uk-slidenav-next\" data-uk-slideshow-item=\"next\"><\/a><\/div>\n            <\/div>\n        <\/div>\n        \n        \n    <\/div>\n\n    \n<\/div>\n\n<\/div>\n\n\n\n<div class=\"betontankstelle\">\n\n\n<div id=\"wk-gridfb3\" class=\"uk-grid-width-1-1 uk-grid uk-grid-match uk-text-left \" data-uk-grid-match=\"{target:'> div > .uk-panel', row:true}\" data-uk-grid-margin  data-uk-scrollspy=\"{cls:'uk-animation-slide-left uk-invisible', target:'> div > .uk-panel', delay:300}\">\n\n\n    <div>\n        <div class=\"uk-panel uk-invisible\">\n\n            \n            \n            \n            \n                        <h3 class=\"uk-panel-title\">\n\n                                    UNSERE BETON-TANKSTELLE<br><span>in Vreden<\/span>                \n                \n            <\/h3>\n            \n            \n            \n                        <div class=\"uk-margin\"><p>F&uuml;r Sie ge&ouml;ffnet:<\/p>\n<p>Sommer &#8211; Mo bis Fr 07.00 &#8211; 16.30 Uhr<br \/>Winter &#8211; Mo bis Fr 07.00 &#8211; 16.30 Uhr<br \/>Ganzj&auml;hrig &#8211; Sa 07.00 &#8211; 11.30 Uhr<\/p>\n<\/div>\n            \n            \n            \n            \n        <\/div>\n    <\/div>\n\n\n<\/div>\n\n<script>\n(function($){\n\n    \/\/ get the images of the gallery and replace it by a canvas of the same size to fix the problem with overlapping images on load.\n    $('img[width][height]:not(.uk-overlay-panel)', $('#wk-gridfb3')).each(function() {\n\n        var $img = $(this);\n\n        if (this.width == 'auto' || this.height == 'auto' || !$img.is(':visible')) {\n            return;\n        }\n\n        var $canvas = $('<canvas class=\"uk-responsive-width\"><\/canvas>').attr({width:$img.attr('width'), height:$img.attr('height')}),\n            img = new Image,\n            release = function() {\n                $canvas.remove();\n                $img.css('display', '');\n                release = function(){};\n            };\n\n        $img.css('display', 'none').after($canvas);\n\n        $(img).on('load', function(){ release(); });\n        setTimeout(function(){ release(); }, 1000);\n\n        img.src = this.src;\n\n    });\n\n})(jQuery);\n<\/script>\n\n<\/div>\n<\/div>\n\n\n\n<div class=\"wp-block-column is-layout-flow wp-block-column-is-layout-flow\" style=\"flex-basis:66.66%\">\n<h2 class=\"wp-block-heading\">GARTENGESTALTUNG-<br><em>GARTENBAU &#038; AUSSTATTUNG<\/em><\/h2>\n\n\n\n<p>Der eigene Garten ist ein Ort zur Erholung und Entspannung. Damit Sie sich langfristig an Ihrem Garten erfreuen, beraten Sie unsere Mitarbeiter individuell. Neben der \u00e4sthetischen Gestaltung stehen bei uns die Langlebigkeit und die Qualit\u00e4t der Materialien im Vordergrund.<\/p>\n\n\n\n<p>In unserer Garten- und Landschaftsausstellung in Vreden finden Sie auf \u00fcber 2500 qm Fl\u00e4che<br>Alles f\u00fcr eine optimale Gartengestaltung.<\/p>\n\n\n\n<p>Die Ausstellung ist f\u00fcr Sie 24 Stunden und an sieben Tagen in der Woche ge\u00f6ffnet. Nicht nur hochwertige Pflaster- und Terrassenplatten, sondern auch verschiedene<br>Varianten der Gartenabgrenzung wie Sichtschutzelemente und Vorgartenz\u00e4une sowie auch Carports und Spielger\u00e4te finden Sie bei uns.<\/p>\n\n\n\n<p>Sie m\u00f6chten einen Gartenteich einrichten? Unsere Berater zeigen Ihnen verschiedene Gestaltungsm\u00f6glichkeiten und beraten Sie bei der Auswahl der Materialien.<\/p>\n\n\n\n<div class=\"wp-block-columns img-block is-layout-flex wp-container-core-columns-is-layout-9d6595d7 wp-block-columns-is-layout-flex\">\n<div class=\"wp-block-column is-layout-flow wp-block-column-is-layout-flow\">\n<figure class=\"wp-block-image size-large\"><img decoding=\"async\" width=\"516\" height=\"490\" src=\"https:\/\/plewa.brands-and-friends.de\/wp-content\/uploads\/2020\/07\/gartenbau.jpg\" alt=\"\" class=\"wp-image-517\" title=\"\" srcset=\"https:\/\/baumarkt-vreden.de\/wp-content\/uploads\/2020\/07\/gartenbau.jpg 516w, https:\/\/baumarkt-vreden.de\/wp-content\/uploads\/2020\/07\/gartenbau-300x285.jpg 300w\" sizes=\"(max-width: 516px) 100vw, 516px\" \/><figcaption>Gartenbau<\/figcaption><\/figure>\n<\/div>\n\n\n\n<div class=\"wp-block-column is-layout-flow wp-block-column-is-layout-flow\">\n<figure class=\"wp-block-image size-large\"><img loading=\"lazy\" decoding=\"async\" width=\"516\" height=\"490\" src=\"https:\/\/plewa.brands-and-friends.de\/wp-content\/uploads\/2020\/07\/gartenausstattung.jpg\" alt=\"\" class=\"wp-image-518\" title=\"\" srcset=\"https:\/\/baumarkt-vreden.de\/wp-content\/uploads\/2020\/07\/gartenausstattung.jpg 516w, https:\/\/baumarkt-vreden.de\/wp-content\/uploads\/2020\/07\/gartenausstattung-300x285.jpg 300w\" sizes=\"(max-width: 516px) 100vw, 516px\" \/><figcaption>Gartenausstattung<\/figcaption><\/figure>\n<\/div>\n\n\n\n<div class=\"wp-block-column is-layout-flow wp-block-column-is-layout-flow\">\n<figure class=\"wp-block-image size-large\"><img loading=\"lazy\" decoding=\"async\" width=\"516\" height=\"490\" src=\"https:\/\/plewa.brands-and-friends.de\/wp-content\/uploads\/2020\/07\/pflanzen_garten.jpg\" alt=\"\" class=\"wp-image-519\" title=\"\" srcset=\"https:\/\/baumarkt-vreden.de\/wp-content\/uploads\/2020\/07\/pflanzen_garten.jpg 516w, https:\/\/baumarkt-vreden.de\/wp-content\/uploads\/2020\/07\/pflanzen_garten-300x285.jpg 300w\" sizes=\"(max-width: 516px) 100vw, 516px\" \/><figcaption>Pflanzen im Garten<\/figcaption><\/figure>\n<\/div>\n<\/div>\n\n\n\n\n<\/div>\n<\/div>\n\n\n\n<\/div>\n","protected":false},"excerpt":{"rendered":"<p>BAUSTOFFE VREDEN Holz im Garten Z\u00e4une Beleuchtung Gartenh\u00e4user Terrassenb\u00f6den Pflastersteine BAU- &#038; GARTENMARKT VREDEN Beleuchtung Gartenm\u00f6bel Gartentechnik \/ Gartenger\u00e4te Grill T\u00f6pfe Pflanzen Pflanzenschutz\/ D\u00fcnger BAUSTOFFE LEGDEN Holz im Garten Pflastersteine Beleuchtung Terrassenb\u00f6den Z\u00e4une GARTENGESTALTUNG-GARTENBAU &#038; AUSSTATTUNG Der eigene Garten ist ein Ort zur Erholung und Entspannung. Damit Sie sich langfristig an Ihrem Garten erfreuen, beraten [&hellip;]<\/p>\n","protected":false},"author":1,"featured_media":0,"parent":13,"menu_order":30,"comment_status":"closed","ping_status":"closed","template":"","meta":{"_acf_changed":false,"_uag_custom_page_level_css":"","footnotes":""},"class_list":["post-21","page","type-page","status-publish","hentry"],"acf":[],"uagb_featured_image_src":{"full":false,"thumbnail":false,"medium":false,"medium_large":false,"large":false,"1536x1536":false,"2048x2048":false},"uagb_author_info":{"display_name":"bandf","author_link":"https:\/\/baumarkt-vreden.de\/nl\/author\/bandf\/"},"uagb_comment_info":0,"uagb_excerpt":"BAUSTOFFE VREDEN Holz im Garten Z\u00e4une Beleuchtung Gartenh\u00e4user Terrassenb\u00f6den Pflastersteine BAU- &#038; GARTENMARKT VREDEN Beleuchtung Gartenm\u00f6bel Gartentechnik \/ Gartenger\u00e4te Grill T\u00f6pfe Pflanzen Pflanzenschutz\/ D\u00fcnger BAUSTOFFE LEGDEN Holz im Garten Pflastersteine Beleuchtung Terrassenb\u00f6den Z\u00e4une GARTENGESTALTUNG-GARTENBAU &#038; AUSSTATTUNG Der eigene Garten ist ein Ort zur Erholung und Entspannung. Damit Sie sich langfristig an Ihrem Garten erfreuen, beraten&hellip;","_links":{"self":[{"href":"https:\/\/baumarkt-vreden.de\/nl\/wp-json\/wp\/v2\/pages\/21","targetHints":{"allow":["GET"]}}],"collection":[{"href":"https:\/\/baumarkt-vreden.de\/nl\/wp-json\/wp\/v2\/pages"}],"about":[{"href":"https:\/\/baumarkt-vreden.de\/nl\/wp-json\/wp\/v2\/types\/page"}],"author":[{"embeddable":true,"href":"https:\/\/baumarkt-vreden.de\/nl\/wp-json\/wp\/v2\/users\/1"}],"replies":[{"embeddable":true,"href":"https:\/\/baumarkt-vreden.de\/nl\/wp-json\/wp\/v2\/comments?post=21"}],"version-history":[{"count":60,"href":"https:\/\/baumarkt-vreden.de\/nl\/wp-json\/wp\/v2\/pages\/21\/revisions"}],"predecessor-version":[{"id":4507,"href":"https:\/\/baumarkt-vreden.de\/nl\/wp-json\/wp\/v2\/pages\/21\/revisions\/4507"}],"up":[{"embeddable":true,"href":"https:\/\/baumarkt-vreden.de\/nl\/wp-json\/wp\/v2\/pages\/13"}],"wp:attachment":[{"href":"https:\/\/baumarkt-vreden.de\/nl\/wp-json\/wp\/v2\/media?parent=21"}],"curies":[{"name":"wp","href":"https:\/\/api.w.org\/{rel}","templated":true}]}}